{"id":5348,"date":"2018-10-16T10:51:15","date_gmt":"2018-10-16T10:51:15","guid":{"rendered":"http:\/\/estatenation.com\/contact-us\/"},"modified":"2020-07-06T22:59:00","modified_gmt":"2020-07-06T22:59:00","slug":"contact-us","status":"publish","type":"page","link":"https:\/\/estatenation.com\/ar\/contact-us\/","title":{"rendered":"\u0627\u062a\u0635\u0644 \u0628\u0646\u0627"},"content":{"rendered":"<p><div class=\"fusion-fullwidth fullwidth-box nonhundred-percent-fullwidth non-hundred-percent-height-scrolling\"  style='background-color: #ffffff;background-position: center center;background-repeat: no-repeat;padding-top:0px;padding-right:0px;padding-bottom:0px;padding-left:0px;'><div class=\"fusion-builder-row fusion-row \"><div  class=\"fusion-layout-column fusion_builder_column fusion_builder_column_1_1 fusion-builder-column-1 fusion-one-full fusion-column-first fusion-column-last 1_1\"  style='margin-top:0px;margin-bottom:0px;'>\n\t\t\t\t\t<div class=\"fusion-column-wrapper\" style=\"padding: 0px 0px 0px 0px;background-position:left top;background-repeat:no-repeat;-webkit-background-size:cover;-moz-background-size:cover;-o-background-size:cover;background-size:cover;\"   data-bg-url=\"\">\n\t\t\t\t\t\t<div class=\"fusion-title title fusion-title-1 fusion-title-center fusion-title-size-one\" style=\"margin-top:0px;margin-bottom:31px;\"><div class=\"title-sep-container title-sep-container-left\"><div class=\"title-sep sep-double sep-solid\" style=\"border-color:#e0dede;\"><\/div><\/div><h1 class=\"title-heading-center\" style=\"margin:0;\">\u0627\u062a\u0635\u0644 \u0628\u0646\u0627<\/h1><div class=\"title-sep-container title-sep-container-right\"><div class=\"title-sep sep-double sep-solid\" style=\"border-color:#e0dede;\"><\/div><\/div><\/div><div class=\"fusion-clearfix\"><\/div>\n\n\t\t\t\t\t<\/div>\n\t\t\t\t<\/div><\/div><\/div><div class=\"fusion-fullwidth fullwidth-box nonhundred-percent-fullwidth non-hundred-percent-height-scrolling fusion-equal-height-columns\"  style='background-color: #ffffff;background-position: center center;background-repeat: no-repeat;padding-top:0px;padding-right:0px;padding-bottom:0px;padding-left:0px;'><div class=\"fusion-builder-row fusion-row \"><div  class=\"fusion-layout-column fusion_builder_column fusion_builder_column_1_2 fusion-builder-column-2 fusion-one-half fusion-column-first 1_2\"  style='margin-top:0px;margin-bottom:20px;width:50%;width:calc(50% - ( ( 4% ) * 0.5 ) );margin-left: 4%;'>\n\t\t\t\t\t<div class=\"fusion-column-wrapper\" style=\"padding: 30px 0px 0px 0px;background-position:left top;background-repeat:no-repeat;-webkit-background-size:cover;-moz-background-size:cover;-o-background-size:cover;background-size:cover;\"   data-bg-url=\"\">\n\t\t\t\t\t\t<div class=\"fusion-text\"><h3 style=\"text-align: right;\"><span style=\"font-size: 14pt;\">\u0633\u064a\u0642\u062f\u0645 \u0644\u0643\u0645 \u0641\u0631\u064a\u0642 \u0634\u0631\u0643\u062a\u0646\u0627 \u062f\u0627\u0626\u0645\u064b\u0627 \u0623\u0641\u0636\u0644 \u0646\u0635\u064a\u062d\u0629 \u0639\u0642\u0627\u0631\u064a\u0629 \u0645\u0646 \u062e\u0644\u0627\u0644 \u0633\u0646\u0648\u0627\u062a \u0645\u0646 \u0627\u0644\u062e\u0628\u0631\u0629 \u0641\u064a \u0627\u0644\u0639\u0645\u0644 \u0644\u0644\u062d\u0635\u0648\u0644 \u0639\u0644\u0649 \u0623\u0641\u0636\u0644 \u0635\u0641\u0642\u0629 \u0639\u0646\u062f \u0634\u0631\u0627\u0621 \u0627\u0644\u0639\u0642\u0627\u0631\u0627\u062a \u0641\u064a \u0627\u0633\u0637\u0646\u0628\u0648\u0644.<\/span><\/h3>\n<h3 style=\"text-align: right;\"><span style=\"font-size: 14pt;\">\u0645\u0646 \u0627\u062c\u0644 \u0630\u0644\u0643, \u0646\u062d\u0646 \u0644\u0627 \u0646\u0628\u064a\u0639 \u0639\u0642\u0627\u0631\u0627\u062a \u0641\u062d\u0633\u0628\u060c \u0628\u0644 \u0646\u0628\u064a\u0639 \u0645\u0639\u0631\u0641\u062a\u0646\u0627 \u0648\u062e\u0628\u0631\u0627\u062a\u0646\u0627 \u0644\u0639\u0645\u0644\u0627\u0626\u0646\u0627 \u062d\u062a\u0649 \u064a\u062a\u0645\u0643\u0646\u0648\u0627 \u0645\u0646 \u0641\u0647\u0645 \u0633\u0648\u0642 \u0627\u0644\u0639\u0642\u0627\u0631\u0627\u062a \u0648\u0645\u0633\u0627\u0639\u062f\u062a\u0647\u0645 \u0639\u0644\u0649 \u0627\u062a\u062e\u0627\u0630 \u0627\u0644\u0642\u0631\u0627\u0631\u0627\u062a \u0627\u0644\u0635\u062d\u064a\u062d\u0629.<\/span><\/h3>\n<\/div><div class=\"fusion-clearfix\"><\/div>\n\n\t\t\t\t\t<\/div>\n\t\t\t\t<\/div><div  class=\"fusion-layout-column fusion_builder_column fusion_builder_column_1_2 fusion-builder-column-3 fusion-one-half fusion-column-last 1_2\"  style='margin-top:0px;margin-bottom:20px;width:50%;width:calc(50% - ( ( 4% ) * 0.5 ) );'>\n\t\t\t\t\t<div class=\"fusion-column-wrapper\" style=\"padding: 30px 0px 0px 0px;background-position:left top;background-repeat:no-repeat;-webkit-background-size:cover;-moz-background-size:cover;-o-background-size:cover;background-size:cover;\"   data-bg-url=\"\">\n\t\t\t\t\t\t<div class=\"fusion-column-content-centered\"><div class=\"fusion-column-content\"><div class=\"imageframe-align-center\"><span class=\"fusion-imageframe imageframe-none imageframe-1 hover-type-none\"><img decoding=\"async\" loading=\"lazy\" src=\"http:\/\/estatenation.com\/wp-content\/uploads\/2020\/06\/Contact-Us22.jpg\" width=\"\" height=\"\" alt=\"\u0627\u062a\u0635\u0644 \u0628\u0646\u0627\" title=\"\u0627\u062a\u0635\u0644 \u0628\u0646\u0627\" class=\"img-responsive wp-image-11235\"\/><\/span><\/div><\/div><\/div><div class=\"fusion-clearfix\"><\/div>\n\n\t\t\t\t\t<\/div>\n\t\t\t\t<\/div><\/div><\/div><div class=\"fusion-fullwidth fullwidth-box nonhundred-percent-fullwidth non-hundred-percent-height-scrolling fusion-equal-height-columns\"  style='background-color: #ffffff;background-position: center center;background-repeat: no-repeat;padding-top:0px;padding-right:0px;padding-bottom:0px;padding-left:0px;'><div class=\"fusion-builder-row fusion-row \"><div  class=\"fusion-layout-column fusion_builder_column fusion_builder_column_1_2 fusion-builder-column-4 fusion-one-half fusion-column-first 1_2\"  style='margin-top:0px;margin-bottom:20px;width:50%;width:calc(50% - ( ( 4% + 4% ) * 0.5 ) );margin-left: 4%;'>\n\t\t\t\t\t<div class=\"fusion-column-wrapper\" style=\"padding: 0px 0px 0px 0px;background-position:left top;background-repeat:no-repeat;-webkit-background-size:cover;-moz-background-size:cover;-o-background-size:cover;background-size:cover;\"   data-bg-url=\"\">\n\t\t\t\t\t\t<div class=\"fusion-text\"><h3 style=\"text-align: right;\"><span style=\"font-size: 14pt;\">\u062a\u0628\u062d\u062b \u0639\u0646 \u0639\u0642\u0627\u0631\u0627\u062a \u0641\u064a \u0627\u0633\u0637\u0646\u0628\u0648\u0644\u061f \u062f\u0639\u0646\u0627 \u0646\u062a\u0635\u0644 \u0628\u0643 \u0644\u0644\u0625\u062c\u0627\u0628\u0629 \u0639\u0646 \u0627\u0633\u062a\u0641\u0633\u0627\u0631\u0627\u062a\u0643.<\/span><\/h3>\n<\/div><div class=\"fusion-text\">\n<div class=\"wpcf7 no-js\" id=\"wpcf7-f5503-o1\" lang=\"en-US\" dir=\"ltr\">\n<div class=\"screen-reader-response\"><p role=\"status\" aria-live=\"polite\" aria-atomic=\"true\"><\/p> <ul><\/ul><\/div>\n<form action=\"\/ar\/wp-json\/wp\/v2\/pages\/5348#wpcf7-f5503-o1\" method=\"post\" class=\"wpcf7-form init\" aria-label=\"Contact form\" novalidate=\"novalidate\" data-status=\"init\">\n<div style=\"display: none;\">\n<input type=\"hidden\" name=\"_wpcf7\" value=\"5503\" \/>\n<input type=\"hidden\" name=\"_wpcf7_version\" value=\"5.7.5.1\" \/>\n<input type=\"hidden\" name=\"_wpcf7_locale\" value=\"en_US\" \/>\n<input type=\"hidden\" name=\"_wpcf7_unit_tag\" value=\"wpcf7-f5503-o1\" \/>\n<input type=\"hidden\" name=\"_wpcf7_container_post\" value=\"0\" \/>\n<input type=\"hidden\" name=\"_wpcf7_posted_data_hash\" value=\"\" \/>\n<input type=\"hidden\" name=\"_wpcf7_recaptcha_response\" value=\"\" \/>\n<\/div>\n<p><label> \u0627\u0644\u0625\u0633\u0645<br \/>\n<span class=\"wpcf7-form-control-wrap\" data-name=\"your-name\"><input size=\"40\" class=\"wpcf7-form-control wpcf7-text wpcf7-validates-as-required\" aria-required=\"true\" aria-invalid=\"false\" value=\"\" type=\"text\" name=\"your-name\" \/><\/span> <\/label>\n<\/p>\n<p><label> \u0627\u0644\u0628\u0631\u064a\u062f \u0627\u0644\u0625\u0644\u0643\u062a\u0631\u0648\u0646\u064a<br \/>\n<span class=\"wpcf7-form-control-wrap\" data-name=\"your-email\"><input size=\"40\" class=\"wpcf7-form-control wpcf7-text wpcf7-email wpcf7-validates-as-required wpcf7-validates-as-email\" aria-required=\"true\" aria-invalid=\"false\" value=\"\" type=\"email\" name=\"your-email\" \/><\/span> <\/label>\n<\/p>\n<p><label> \u0631\u0633\u0627\u0644\u062a\u0643<br \/>\n<span class=\"wpcf7-form-control-wrap\" data-name=\"your-message\"><textarea cols=\"40\" rows=\"10\" class=\"wpcf7-form-control wpcf7-textarea wpcf7-validates-as-required\" aria-required=\"true\" aria-invalid=\"false\" name=\"your-message\"><\/textarea><\/span> <\/label>\n<\/p>\n<p><input class=\"wpcf7-form-control has-spinner wpcf7-submit\" type=\"submit\" value=\"\u0625\u0631\u0633\u0627\u0644\" \/>\n<\/p><p style=\"display: none !important;\"><label>&#916;<textarea name=\"_wpcf7_ak_hp_textarea\" cols=\"45\" rows=\"8\" maxlength=\"100\"><\/textarea><\/label><input type=\"hidden\" id=\"ak_js_1\" name=\"_wpcf7_ak_js\" value=\"212\"\/><script>document.getElementById( \"ak_js_1\" ).setAttribute( \"value\", ( new Date() ).getTime() );<\/script><\/p><div class=\"fusion-alert alert custom alert-custom fusion-alert-center fusion-alert-capitalize alert-dismissable wpcf7-response-output\" style=\"border-width:1px;\"><button style=\"color:;border-color:;\" type=\"button\" class=\"close toggle-alert\" data-dismiss=\"alert\" aria-hidden=\"true\">&times;<\/button><div class=\"fusion-alert-content-wrapper\"><span class=\"fusion-alert-content\"><\/span><\/div><\/div>\n<\/form>\n<\/div>\n\n<\/div><div class=\"fusion-clearfix\"><\/div>\n\n\t\t\t\t\t<\/div>\n\t\t\t\t<\/div><div  class=\"fusion-layout-column fusion_builder_column fusion_builder_column_1_4 fusion-builder-column-5 fusion-one-fourth 1_4\"  style='margin-top:0px;margin-bottom:20px;width:25%;width:calc(25% - ( ( 4% + 4% ) * 0.25 ) );margin-left: 4%;'>\n\t\t\t\t\t<div class=\"fusion-column-wrapper\" style=\"padding: 80px 0px 0px 0px;background-position:left top;background-repeat:no-repeat;-webkit-background-size:cover;-moz-background-size:cover;-o-background-size:cover;background-size:cover;\"   data-bg-url=\"\">\n\t\t\t\t\t\t<div class=\"fusion-text\"><h4 class=\"widget-title\" style=\"text-align: left;\" data-fontsize=\"13\" data-lineheight=\"19\"><span style=\"color: #000000;\"><strong><span style=\"font-size: 14pt;\">Canada Office<\/span><\/strong><\/span><\/h4>\n<div class=\"contact-info-container\">\n<p class=\"address\" style=\"text-align: left;\"><span style=\"color: #000000;\">3055 Boul Saint-Martin O<\/span><br \/>\n<span style=\"color: #000000;\">Laval QC H7T 0J3 <\/span><span style=\"color: #000000;\">Canada<br \/>\n<\/span><\/p>\n<p class=\"phone\" style=\"text-align: left;\"><span style=\"color: #000000;\">Phone: +1 450 902 4901<\/span><br \/>\n<span style=\"color: #000000;\">Mobile: +1 514 246 1085<\/span><\/p>\n<\/div>\n<\/div><div class=\"fusion-clearfix\"><\/div>\n\n\t\t\t\t\t<\/div>\n\t\t\t\t<\/div><div  class=\"fusion-layout-column fusion_builder_column fusion_builder_column_1_4 fusion-builder-column-6 fusion-one-fourth fusion-column-last 1_4\"  style='margin-top:0px;margin-bottom:20px;width:25%;width:calc(25% - ( ( 4% + 4% ) * 0.25 ) );'>\n\t\t\t\t\t<div class=\"fusion-column-wrapper\" style=\"padding: 80px 0px 0px 0px;background-position:left top;background-repeat:no-repeat;-webkit-background-size:cover;-moz-background-size:cover;-o-background-size:cover;background-size:cover;\"   data-bg-url=\"\">\n\t\t\t\t\t\t<div class=\"fusion-text\"><h4 class=\"widget-title\" style=\"text-align: left;\" data-fontsize=\"13\" data-lineheight=\"19\"><span style=\"color: #000000;\"><strong><span style=\"font-size: 14pt;\">Turkey Head Office<\/span><\/strong><\/span><\/h4>\n<div class=\"contact-info-container\">\n<p class=\"address\" style=\"text-align: left;\"><span style=\"color: #000000;\">Ye\u015filk\u00f6y Mahallesi, Atat\u00fcrk Cad EGS<\/span><br \/>\n<span style=\"color: #000000;\">Business Park B2 Kat:0 No:12 34149<\/span><br \/>\n<span style=\"color: #000000;\">Bak\u0131rk\u00f6y, \u0130stanbul, Turkey<br \/>\n<\/span><\/p>\n<p class=\"phone\" style=\"text-align: left;\"><span style=\"color: #000000;\">Phone: +90 212 942 60 79<\/span><br \/>\n<span style=\"color: #000000;\">Mobile: +90 538 032 55 46<\/span><br \/>\n<span style=\"color: #000000;\">Fax: \u00a0 \u00a0 +90 850 220 04 51<\/span><br \/>\n<span style=\"color: #000000;\">Email: <a style=\"color: #000000;\" href=\"mailto:info@EstateNation.com\">info@EstateNation.com<\/a><\/span><\/p>\n<\/div>\n<\/div><div class=\"fusion-clearfix\"><\/div>\n\n\t\t\t\t\t<\/div>\n\t\t\t\t<\/div><\/div><\/div><div class=\"fusion-fullwidth fullwidth-box nonhundred-percent-fullwidth non-hundred-percent-height-scrolling\"  style='background-color: #ffffff;background-position: center center;background-repeat: no-repeat;padding-top:0px;padding-right:0px;padding-bottom:0px;padding-left:0px;'><div class=\"fusion-builder-row fusion-row \"><div  class=\"fusion-layout-column fusion_builder_column fusion_builder_column_1_1 fusion-builder-column-7 fusion-one-full fusion-column-first fusion-column-last 1_1\"  style='margin-top:0px;margin-bottom:20px;'>\n\t\t\t\t\t<div class=\"fusion-column-wrapper\" style=\"padding: 0px 0px 0px 0px;background-position:left top;background-repeat:no-repeat;-webkit-background-size:cover;-moz-background-size:cover;-o-background-size:cover;background-size:cover;\"   data-bg-url=\"\">\n\t\t\t\t\t\t\t\t\t\t\t<script type=\"text\/javascript\">\n\t\t\t\t\t\tvar map_fusion_map_69da79b4c0a35;\n\t\t\t\t\t\tvar markers = [];\n\t\t\t\t\t\tvar counter = 0;\n\t\t\t\t\t\t\t\t\t\t\t\t\t\t\t\t\t\t\t\tvar fusionMapNonce = 'f763202a47';\n\t\t\t\t\t\t\t\t\t\t\t\tfunction fusion_run_map_fusion_map_69da79b4c0a35() {\n\t\t\t\t\t\t\tjQuery('#fusion_map_69da79b4c0a35').fusion_maps({\n\t\t\t\t\t\t\t\taddresses: [{\"address\":\"Ye\\u015filk\\u00f6y Mahallesi, Atat\\u00fcrk Cad. EGS Business Park B2 Kat:0 No:12, 34149 Bak\\u0131rk\\u00f6y\\\/\\u0130stanbul, Turkey\",\"infobox_content\":\"Ye\\u015filk\\u00f6y Mahallesi, Atat\\u00fcrk Cad. EGS Business Park B2 Kat:0 No:12, 34149 Bak\\u0131rk\\u00f6y\\\/\\u0130stanbul, Turkey\",\"coordinates\":false,\"cache\":true,\"latitude\":\"40.9873184\",\"longitude\":\"28.832938600000034\"}],\n\t\t\t\t\t\t\t\tanimations: true,\n\t\t\t\t\t\t\t\tinfobox_background_color: '',\n\t\t\t\t\t\t\t\tinfobox_styling: 'default',\n\t\t\t\t\t\t\t\tinfobox_text_color: '',\n\t\t\t\t\t\t\t\tmap_style: 'default',\n\t\t\t\t\t\t\t\tmap_type: 'roadmap',\n\t\t\t\t\t\t\t\tmarker_icon: '',\n\t\t\t\t\t\t\t\toverlay_color: '',\n\t\t\t\t\t\t\t\toverlay_color_hsl: {\"hue\":0,\"sat\":0,\"lum\":100},\n\t\t\t\t\t\t\t\tpan_control: true,\n\t\t\t\t\t\t\t\tshow_address: false,\n\t\t\t\t\t\t\t\tscale_control: true,\n\t\t\t\t\t\t\t\tscrollwheel: true,\n\t\t\t\t\t\t\t\tzoom: 10,\n\t\t\t\t\t\t\t\tzoom_control: true,\n\t\t\t\t\t\t\t});\n\t\t\t\t\t\t}\n\n\t\t\t\t\t\tgoogle.maps.event.addDomListener(window, 'load', fusion_run_map_fusion_map_69da79b4c0a35);\n\t\t\t\t\t<\/script>\n\t\t\t\t\t<div class=\"shortcode-map fusion-google-map fusion-maps-js-type\" id=\"fusion_map_69da79b4c0a35\" style=\"height:300px;width:100%;\"><\/div><div class=\"fusion-clearfix\"><\/div>\n\n\t\t\t\t\t<\/div>\n\t\t\t\t<\/div><\/div><\/div><\/p>\n","protected":false},"excerpt":{"rendered":"","protected":false},"author":10,"featured_media":11261,"parent":0,"menu_order":0,"comment_status":"closed","ping_status":"closed","template":"100-width.php","meta":{"_seopress_robots_primary_cat":""},"acf":[],"_links":{"self":[{"href":"https:\/\/estatenation.com\/ar\/wp-json\/wp\/v2\/pages\/5348"}],"collection":[{"href":"https:\/\/estatenation.com\/ar\/wp-json\/wp\/v2\/pages"}],"about":[{"href":"https:\/\/estatenation.com\/ar\/wp-json\/wp\/v2\/types\/page"}],"author":[{"embeddable":true,"href":"https:\/\/estatenation.com\/ar\/wp-json\/wp\/v2\/users\/10"}],"replies":[{"embeddable":true,"href":"https:\/\/estatenation.com\/ar\/wp-json\/wp\/v2\/comments?post=5348"}],"version-history":[{"count":0,"href":"https:\/\/estatenation.com\/ar\/wp-json\/wp\/v2\/pages\/5348\/revisions"}],"wp:featuredmedia":[{"embeddable":true,"href":"https:\/\/estatenation.com\/ar\/wp-json\/wp\/v2\/media\/11261"}],"wp:attachment":[{"href":"https:\/\/estatenation.com\/ar\/wp-json\/wp\/v2\/media?parent=5348"}],"curies":[{"name":"wp","href":"https:\/\/api.w.org\/{rel}","templated":true}]}}